{"id":178,"date":"2023-05-08T21:49:18","date_gmt":"2023-05-08T19:49:18","guid":{"rendered":"https:\/\/www.sent.si\/blog\/?page_id=178"},"modified":"2023-05-08T21:49:18","modified_gmt":"2023-05-08T19:49:18","slug":"postenost-je-lepa-cednost","status":"publish","type":"page","link":"https:\/\/www.sent.si\/blog\/postenost-je-lepa-cednost\/","title":{"rendered":"Po\u0161tenost je lepa \u010dednost"},"content":{"rendered":"<p>Po\u0161tenost je lepa \u010dednost!<\/p>\n<p>Bil je prelep son\u010den dan, jaz pa sem hitela na popoldanski te\u010daj Cestno prometnih predpisov,<br \/>\nkot vedno, se mi je tudi tokrat mudilo. Zatopljena v svoje misli sem na tleh zagledala<br \/>\ndenarnico. Refleksno sem jo pobrala, nato pa me je pre\u0161inilo :\u00ab Ojoj, kaj naj naredim s to<br \/>\ndenarnico?\u00ab<br \/>\nPrva stvar, ki mi je padla na pamet, je bila, da sem poklicala vodjo stanovanjske, ji razlo\u017eila<br \/>\nsituacijo in vpra\u0161ala, kaj naj naredim. Ali naj jo pustim tam, kjer sem jo na\u0161la? Ali pa jo<br \/>\nvzamem in odnesem na policijsko postajo? Po pogovoru z vodjo sva pri\u0161le do sklepa, da je<br \/>\nbolje, \u010de jo vzamem in predam policiji, saj je vpra\u0161anje ali bo naslednji najditelj po\u0161ten.<br \/>\nV denarnici je bila gotovina, dokumenti, ban\u010dne kartice in razne fotografije.<br \/>\nNaslednji dan sva z vodjo, pred odhodom na policijsko postajo, poskusile v telefonskem<br \/>\nimeniku poiskati telefonsko \u0161tevilko gospoda, ki je izgubil denarnico. Na\u0161le sva kontakt!<br \/>\nObvestile sva gospoda, da je denarnica na varnem in se dogovorile za predajo.<br \/>\nVeselje in sre\u010da sta bila neizmerna, tako pri gospodu in njegovi \u017eeni, kot pri meni in vodji.<br \/>\nGospod me je od veselja objel in tudi finan\u010dno nagradil, toda ob\u010dutek, da sem naredila dobro<br \/>\ndelo in nekoga s svojo po\u0161tenostjo razveselila, pa nima cene.<br \/>\nPa naj \u0161e kdo re\u010de, da po\u0161tenost ni lepa \u010dednost!<\/p>\n<p>M.O (Stanovalka stanovanjske skupine za mlade Nova Gorica)<\/p>\n<p><a href=\"http:\/\/www.sent.si\/blog\/wp-content\/uploads\/2023\/05\/denarnica--scaled.jpg\"><img loading=\"lazy\" class=\"alignnone size-full wp-image-179\" src=\"http:\/\/www.sent.si\/blog\/wp-content\/uploads\/2023\/05\/denarnica--scaled.jpg\" alt=\"\" width=\"2560\" height=\"1920\" srcset=\"https:\/\/www.sent.si\/blog\/wp-content\/uploads\/2023\/05\/denarnica--scaled.jpg 2560w, https:\/\/www.sent.si\/blog\/wp-content\/uploads\/2023\/05\/denarnica--300x225.jpg 300w, https:\/\/www.sent.si\/blog\/wp-content\/uploads\/2023\/05\/denarnica--1024x768.jpg 1024w, https:\/\/www.sent.si\/blog\/wp-content\/uploads\/2023\/05\/denarnica--768x576.jpg 768w, https:\/\/www.sent.si\/blog\/wp-content\/uploads\/2023\/05\/denarnica--1536x1152.jpg 1536w, https:\/\/www.sent.si\/blog\/wp-content\/uploads\/2023\/05\/denarnica--2048x1536.jpg 2048w, https:\/\/www.sent.si\/blog\/wp-content\/uploads\/2023\/05\/denarnica--750x563.jpg 750w, https:\/\/www.sent.si\/blog\/wp-content\/uploads\/2023\/05\/denarnica--400x300.jpg 400w, https:\/\/www.sent.si\/blog\/wp-content\/uploads\/2023\/05\/denarnica--430x323.jpg 430w, https:\/\/www.sent.si\/blog\/wp-content\/uploads\/2023\/05\/denarnica--150x113.jpg 150w, https:\/\/www.sent.si\/blog\/wp-content\/uploads\/2023\/05\/denarnica--100x75.jpg 100w\" sizes=\"(max-width: 2560px) 100vw, 2560px\" \/><\/a><\/p>\n","protected":false},"excerpt":{"rendered":"<p>Po\u0161tenost je lepa \u010dednost! Bil je prelep son\u010den dan, jaz pa sem hitela na popoldanski te\u010daj Cestno prometnih predpisov, kot vedno, se mi je tudi tokrat mudilo. Zatopljena v svoje [&hellip;]<\/p>\n","protected":false},"author":1,"featured_media":0,"parent":0,"menu_order":0,"comment_status":"closed","ping_status":"closed","template":"","meta":[],"_links":{"self":[{"href":"https:\/\/www.sent.si\/blog\/wp-json\/wp\/v2\/pages\/178"}],"collection":[{"href":"https:\/\/www.sent.si\/blog\/wp-json\/wp\/v2\/pages"}],"about":[{"href":"https:\/\/www.sent.si\/blog\/wp-json\/wp\/v2\/types\/page"}],"author":[{"embeddable":true,"href":"https:\/\/www.sent.si\/blog\/wp-json\/wp\/v2\/users\/1"}],"replies":[{"embeddable":true,"href":"https:\/\/www.sent.si\/blog\/wp-json\/wp\/v2\/comments?post=178"}],"version-history":[{"count":1,"href":"https:\/\/www.sent.si\/blog\/wp-json\/wp\/v2\/pages\/178\/revisions"}],"predecessor-version":[{"id":180,"href":"https:\/\/www.sent.si\/blog\/wp-json\/wp\/v2\/pages\/178\/revisions\/180"}],"wp:attachment":[{"href":"https:\/\/www.sent.si\/blog\/wp-json\/wp\/v2\/media?parent=178"}],"curies":[{"name":"wp","href":"https:\/\/api.w.org\/{rel}","templated":true}]}}